{"id":150,"date":"2022-11-13T16:58:34","date_gmt":"2022-11-13T16:58:34","guid":{"rendered":"https:\/\/hajasaudeemum.wordpress.com\/?page_id=150"},"modified":"2024-05-16T11:35:40","modified_gmt":"2024-05-16T11:35:40","slug":"edicoes-2","status":"publish","type":"page","link":"https:\/\/hajasaude.alumnimedicina.com\/index.php\/edicoes-2\/","title":{"rendered":"Edi\u00e7\u00f5es Recentes"},"content":{"rendered":"\n<div class=\"wp-block-group alignwide is-layout-flow\" style=\"padding-top:8vh;padding-bottom:8vh\"><div class=\"wp-block-group__inner-container\">\n<div class=\"wp-block-columns alignwide is-layout-flex wp-container-3\">\n<div class=\"wp-block-column is-layout-flow\">\n<figure class=\"wp-block-image size-large\"><img decoding=\"async\" loading=\"lazy\" width=\"766\" height=\"1024\" src=\"https:\/\/hajasaude.alumnimedicina.com\/wp-content\/uploads\/2024\/05\/maio-2024-capa-1-766x1024.png\" alt=\"\" class=\"wp-image-1331\" srcset=\"https:\/\/hajasaude.alumnimedicina.com\/wp-content\/uploads\/2024\/05\/maio-2024-capa-1-766x1024.png 766w, https:\/\/hajasaude.alumnimedicina.com\/wp-content\/uploads\/2024\/05\/maio-2024-capa-1-224x300.png 224w, https:\/\/hajasaude.alumnimedicina.com\/wp-content\/uploads\/2024\/05\/maio-2024-capa-1-768x1027.png 768w, https:\/\/hajasaude.alumnimedicina.com\/wp-content\/uploads\/2024\/05\/maio-2024-capa-1-1148x1536.png 1148w, https:\/\/hajasaude.alumnimedicina.com\/wp-content\/uploads\/2024\/05\/maio-2024-capa-1-1200x1605.png 1200w, https:\/\/hajasaude.alumnimedicina.com\/wp-content\/uploads\/2024\/05\/maio-2024-capa-1.png 1230w\" sizes=\"(max-width: 766px) 100vw, 766px\" \/><\/figure>\n<\/div>\n\n\n\n<div class=\"wp-block-column is-layout-flow\">\n<h2 class=\"wp-block-heading\"><a href=\"http:\/\/drive.google.com\/file\/d\/1GcVPMhmQf5z6TNY4jw4nvn7L5EgztroZ\/view?usp=drivesdk\" data-type=\"URL\" data-id=\"http:\/\/drive.google.com\/file\/d\/1GcVPMhmQf5z6TNY4jw4nvn7L5EgztroZ\/view?usp=drivesdk\">Haja Sa\u00fade &#8211; Maio 2024<\/a><\/h2>\n<\/div>\n<\/div>\n\n\n\n<div class=\"wp-block-columns alignwide is-layout-flex wp-container-6\">\n<div class=\"wp-block-column is-layout-flow\" style=\"flex-basis:50%\">\n<p class=\"has-small-font-size\"><\/p>\n\n\n\n<h2 class=\"wp-block-heading has-x-large-font-size\" id=\"all-items-are-100-hand-made-using-the-potter-s-wheel-or-traditional-techniques-created-with-love-and-care-in-australia\" style=\"margin-top:var(--wp--preset--spacing--20);line-height:1.3\"><a href=\"https:\/\/drive.google.com\/file\/d\/1VHoyuiPhZd2P9IGT7vVXgLXRmCdYDKCf\/view\">Haja Sa\u00fade &#8211; Novembro 2023<\/a><\/h2>\n\n\n\n<p style=\"font-size:18px\"><\/p>\n<\/div>\n\n\n\n<div class=\"wp-block-column is-layout-flow\" style=\"flex-basis:50%\">\n<figure class=\"wp-block-image size-large\"><img decoding=\"async\" loading=\"lazy\" width=\"758\" height=\"1024\" src=\"https:\/\/hajasaude.alumnimedicina.com\/wp-content\/uploads\/2024\/02\/image-1-758x1024.png\" alt=\"\" class=\"wp-image-1287\" srcset=\"https:\/\/hajasaude.alumnimedicina.com\/wp-content\/uploads\/2024\/02\/image-1-758x1024.png 758w, https:\/\/hajasaude.alumnimedicina.com\/wp-content\/uploads\/2024\/02\/image-1-222x300.png 222w, https:\/\/hajasaude.alumnimedicina.com\/wp-content\/uploads\/2024\/02\/image-1-768x1037.png 768w, https:\/\/hajasaude.alumnimedicina.com\/wp-content\/uploads\/2024\/02\/image-1-1138x1536.png 1138w, https:\/\/hajasaude.alumnimedicina.com\/wp-content\/uploads\/2024\/02\/image-1-1200x1620.png 1200w, https:\/\/hajasaude.alumnimedicina.com\/wp-content\/uploads\/2024\/02\/image-1.png 1276w\" sizes=\"(max-width: 758px) 100vw, 758px\" \/><\/figure>\n<\/div>\n<\/div>\n<\/div><\/div>\n\n\n\n<div class=\"wp-block-group alignwide is-layout-flow\" style=\"padding-top:8vh;padding-bottom:8vh\"><div class=\"wp-block-group__inner-container\">\n<div class=\"wp-block-columns alignwide is-layout-flex wp-container-10\">\n<div class=\"wp-block-column is-layout-flow\">\n<figure class=\"wp-block-image size-large\"><img decoding=\"async\" loading=\"lazy\" width=\"780\" height=\"1024\" src=\"https:\/\/hajasaude.alumnimedicina.com\/wp-content\/uploads\/2024\/02\/image-780x1024.png\" alt=\"\" class=\"wp-image-1286\" srcset=\"https:\/\/hajasaude.alumnimedicina.com\/wp-content\/uploads\/2024\/02\/image-780x1024.png 780w, https:\/\/hajasaude.alumnimedicina.com\/wp-content\/uploads\/2024\/02\/image-229x300.png 229w, https:\/\/hajasaude.alumnimedicina.com\/wp-content\/uploads\/2024\/02\/image-768x1008.png 768w, https:\/\/hajasaude.alumnimedicina.com\/wp-content\/uploads\/2024\/02\/image-1170x1536.png 1170w, https:\/\/hajasaude.alumnimedicina.com\/wp-content\/uploads\/2024\/02\/image.png 1186w\" sizes=\"(max-width: 780px) 100vw, 780px\" \/><\/figure>\n<\/div>\n\n\n\n<div class=\"wp-block-column is-layout-flow\">\n<h2 class=\"wp-block-heading\" id=\"block-a8697c60-db04-412f-b767-8ea745a5d791\"><a href=\"https:\/\/drive.google.com\/file\/d\/1SgOqWGKwA8G8y3jvGEFDtZIQomgl3Vf4\/view\">Haja Sa\u00fade &#8211; Julho 2023<\/a><\/h2>\n<\/div>\n<\/div>\n\n\n\n<div class=\"wp-block-columns alignwide is-layout-flex wp-container-13\">\n<div class=\"wp-block-column is-layout-flow\" style=\"flex-basis:50%\">\n<p class=\"has-small-font-size\"><\/p>\n\n\n\n<h2 class=\"wp-block-heading has-x-large-font-size\" id=\"all-items-are-100-hand-made-using-the-potter-s-wheel-or-traditional-techniques-created-with-love-and-care-in-australia\" style=\"margin-top:var(--wp--preset--spacing--20);line-height:1.3\"><a href=\"https:\/\/drive.google.com\/file\/d\/1bJ_xFCO2UU6UGfqiSFWHJbaMBgJwSfUa\/view?usp=sharing\">Haja Sa\u00fade &#8211; Outubro 2022<\/a><\/h2>\n\n\n\n<p style=\"font-size:18px\"><\/p>\n<\/div>\n\n\n\n<div class=\"wp-block-column is-layout-flow\" style=\"flex-basis:50%\">\n<figure class=\"wp-block-image size-large\"><img decoding=\"async\" loading=\"lazy\" width=\"821\" height=\"1093\" src=\"http:\/\/64.227.103.93\/wp-content\/uploads\/2023\/04\/image-11.png?w=769\" alt=\"\" class=\"wp-image-503\" srcset=\"https:\/\/hajasaude.alumnimedicina.com\/wp-content\/uploads\/2023\/04\/image-11.png 821w, https:\/\/hajasaude.alumnimedicina.com\/wp-content\/uploads\/2023\/04\/image-11-225x300.png 225w, https:\/\/hajasaude.alumnimedicina.com\/wp-content\/uploads\/2023\/04\/image-11-769x1024.png 769w, https:\/\/hajasaude.alumnimedicina.com\/wp-content\/uploads\/2023\/04\/image-11-768x1022.png 768w\" sizes=\"(max-width: 821px) 100vw, 821px\" \/><\/figure>\n<\/div>\n<\/div>\n<\/div><\/div>\n\n\n\n<div class=\"wp-block-group alignwide is-layout-flow\" style=\"padding-top:8vh;padding-bottom:8vh\"><div class=\"wp-block-group__inner-container\">\n<div class=\"wp-block-columns alignwide is-layout-flex wp-container-17\">\n<div class=\"wp-block-column is-layout-flow\" style=\"flex-basis:50%\">\n<figure class=\"wp-block-image size-large\"><img decoding=\"async\" loading=\"lazy\" width=\"928\" height=\"1176\" src=\"http:\/\/64.227.103.93\/wp-content\/uploads\/2023\/04\/image-10.png?w=808\" alt=\"\" class=\"wp-image-501\" srcset=\"https:\/\/hajasaude.alumnimedicina.com\/wp-content\/uploads\/2023\/04\/image-10.png 928w, https:\/\/hajasaude.alumnimedicina.com\/wp-content\/uploads\/2023\/04\/image-10-237x300.png 237w, https:\/\/hajasaude.alumnimedicina.com\/wp-content\/uploads\/2023\/04\/image-10-808x1024.png 808w, https:\/\/hajasaude.alumnimedicina.com\/wp-content\/uploads\/2023\/04\/image-10-768x973.png 768w\" sizes=\"(max-width: 928px) 100vw, 928px\" \/><\/figure>\n<\/div>\n\n\n\n<div class=\"wp-block-column is-layout-flow\" style=\"padding-top:0px;padding-right:0px;padding-bottom:0px;padding-left:0px;flex-basis:50%\">\n<p class=\"has-small-font-size\"><\/p>\n\n\n\n<h2 class=\"wp-block-heading has-x-large-font-size\" id=\"all-items-are-100-hand-made-using-the-potter-s-wheel-or-traditional-techniques-created-with-love-and-care-in-australia\" style=\"margin-top:var(--wp--preset--spacing--20);margin-right:0;margin-bottom:0;margin-left:0;line-height:1.3\"><a href=\"https:\/\/drive.google.com\/file\/d\/1R_0L85dq7CuKqc4rWWJVPDUxqcRwhdw8\/view?usp=sharing\">Haja Sa\u00fade &#8211; Abril 2022<\/a><\/h2>\n\n\n\n<p style=\"line-height:1.65\"><\/p>\n<\/div>\n<\/div>\n\n\n\n<div class=\"wp-block-columns alignwide is-layout-flex wp-container-20\">\n<div class=\"wp-block-column is-layout-flow\" style=\"flex-basis:50%\">\n<p class=\"has-small-font-size\"><\/p>\n\n\n\n<h2 class=\"wp-block-heading has-x-large-font-size\" id=\"all-items-are-100-hand-made-using-the-potter-s-wheel-or-traditional-techniques-created-with-love-and-care-in-australia\" style=\"margin-top:var(--wp--preset--spacing--20);line-height:1.3\"><a href=\"https:\/\/drive.google.com\/file\/d\/1CZ1OBzBao9B0G6WuEcPhySMEJJXUIr65\/view?usp=sharing\">Haja Sa\u00fade &#8211; Outubro 2021<\/a><\/h2>\n\n\n\n<p style=\"font-size:18px\"><\/p>\n<\/div>\n\n\n\n<div class=\"wp-block-column is-layout-flow\" style=\"flex-basis:50%\">\n<figure class=\"wp-block-image size-large\"><img decoding=\"async\" loading=\"lazy\" width=\"881\" height=\"1163\" src=\"http:\/\/64.227.103.93\/wp-content\/uploads\/2023\/04\/image-9.png?w=776\" alt=\"\" class=\"wp-image-500\" srcset=\"https:\/\/hajasaude.alumnimedicina.com\/wp-content\/uploads\/2023\/04\/image-9.png 881w, https:\/\/hajasaude.alumnimedicina.com\/wp-content\/uploads\/2023\/04\/image-9-227x300.png 227w, https:\/\/hajasaude.alumnimedicina.com\/wp-content\/uploads\/2023\/04\/image-9-776x1024.png 776w, https:\/\/hajasaude.alumnimedicina.com\/wp-content\/uploads\/2023\/04\/image-9-768x1014.png 768w\" sizes=\"(max-width: 881px) 100vw, 881px\" \/><\/figure>\n<\/div>\n<\/div>\n<\/div><\/div>\n\n\n\n<div class=\"wp-block-group alignwide is-layout-flow\" style=\"padding-top:8vh;padding-bottom:8vh\"><div class=\"wp-block-group__inner-container\">\n<div class=\"wp-block-columns alignwide is-layout-flex wp-container-24\">\n<div class=\"wp-block-column is-layout-flow\" style=\"flex-basis:50%\">\n<figure class=\"wp-block-image size-large\"><img decoding=\"async\" loading=\"lazy\" width=\"883\" height=\"1171\" src=\"http:\/\/64.227.103.93\/wp-content\/uploads\/2023\/04\/image-8.png?w=772\" alt=\"\" class=\"wp-image-498\" srcset=\"https:\/\/hajasaude.alumnimedicina.com\/wp-content\/uploads\/2023\/04\/image-8.png 883w, https:\/\/hajasaude.alumnimedicina.com\/wp-content\/uploads\/2023\/04\/image-8-226x300.png 226w, https:\/\/hajasaude.alumnimedicina.com\/wp-content\/uploads\/2023\/04\/image-8-772x1024.png 772w, https:\/\/hajasaude.alumnimedicina.com\/wp-content\/uploads\/2023\/04\/image-8-768x1018.png 768w\" sizes=\"(max-width: 883px) 100vw, 883px\" \/><\/figure>\n<\/div>\n\n\n\n<div class=\"wp-block-column is-layout-flow\" style=\"padding-top:0px;padding-right:0px;padding-bottom:0px;padding-left:0px;flex-basis:50%\">\n<p class=\"has-small-font-size\"><\/p>\n\n\n\n<h2 class=\"wp-block-heading has-x-large-font-size\" id=\"all-items-are-100-hand-made-using-the-potter-s-wheel-or-traditional-techniques-created-with-love-and-care-in-australia\" style=\"margin-top:var(--wp--preset--spacing--20);margin-right:0;margin-bottom:0;margin-left:0;line-height:1.3\"><a href=\"https:\/\/drive.google.com\/file\/d\/1S-rQZlr2dnnXLzzGnqWsVxbhKn_XyKgs\/view?usp=sharing\">Haja Sa\u00fade &#8211; Abril 2021<\/a><\/h2>\n\n\n\n<p style=\"line-height:1.65\"><\/p>\n<\/div>\n<\/div>\n\n\n\n<div class=\"wp-block-columns alignwide is-layout-flex wp-container-27\">\n<div class=\"wp-block-column is-layout-flow\" style=\"flex-basis:50%\">\n<p class=\"has-small-font-size\"><\/p>\n\n\n\n<h2 class=\"wp-block-heading has-x-large-font-size\" id=\"all-items-are-100-hand-made-using-the-potter-s-wheel-or-traditional-techniques-created-with-love-and-care-in-australia\" style=\"margin-top:var(--wp--preset--spacing--20);line-height:1.3\"><a href=\"https:\/\/drive.google.com\/file\/d\/1UjvfO05cqyFyG9q1Yk1fStBvo4OB8hxD\/view?usp=sharing\">Haja Sa\u00fade &#8211; Outubro 2020<\/a><\/h2>\n\n\n\n<p style=\"font-size:18px\"><\/p>\n<\/div>\n\n\n\n<div class=\"wp-block-column is-layout-flow\" style=\"flex-basis:50%\">\n<figure class=\"wp-block-image size-large\"><img decoding=\"async\" loading=\"lazy\" width=\"863\" height=\"1154\" src=\"http:\/\/64.227.103.93\/wp-content\/uploads\/2023\/04\/image-7.png?w=766\" alt=\"\" class=\"wp-image-496\" srcset=\"https:\/\/hajasaude.alumnimedicina.com\/wp-content\/uploads\/2023\/04\/image-7.png 863w, https:\/\/hajasaude.alumnimedicina.com\/wp-content\/uploads\/2023\/04\/image-7-224x300.png 224w, https:\/\/hajasaude.alumnimedicina.com\/wp-content\/uploads\/2023\/04\/image-7-766x1024.png 766w, https:\/\/hajasaude.alumnimedicina.com\/wp-content\/uploads\/2023\/04\/image-7-768x1027.png 768w\" sizes=\"(max-width: 863px) 100vw, 863px\" \/><\/figure>\n<\/div>\n<\/div>\n<\/div><\/div>\n\n\n\n<div class=\"wp-block-group alignwide is-layout-flow\" style=\"padding-top:8vh;padding-bottom:8vh\"><div class=\"wp-block-group__inner-container\">\n<div class=\"wp-block-columns alignwide is-layout-flex wp-container-31\">\n<div class=\"wp-block-column is-layout-flow\" style=\"flex-basis:50%\">\n<figure class=\"wp-block-image size-large\"><img decoding=\"async\" loading=\"lazy\" width=\"863\" height=\"1159\" src=\"http:\/\/64.227.103.93\/wp-content\/uploads\/2023\/04\/image-6.png?w=762\" alt=\"\" class=\"wp-image-495\" srcset=\"https:\/\/hajasaude.alumnimedicina.com\/wp-content\/uploads\/2023\/04\/image-6.png 863w, https:\/\/hajasaude.alumnimedicina.com\/wp-content\/uploads\/2023\/04\/image-6-223x300.png 223w, https:\/\/hajasaude.alumnimedicina.com\/wp-content\/uploads\/2023\/04\/image-6-762x1024.png 762w, https:\/\/hajasaude.alumnimedicina.com\/wp-content\/uploads\/2023\/04\/image-6-768x1031.png 768w\" sizes=\"(max-width: 863px) 100vw, 863px\" \/><\/figure>\n<\/div>\n\n\n\n<div class=\"wp-block-column is-layout-flow\" style=\"padding-top:0px;padding-right:0px;padding-bottom:0px;padding-left:0px;flex-basis:50%\">\n<p class=\"has-small-font-size\"><\/p>\n\n\n\n<h2 class=\"wp-block-heading has-x-large-font-size\" id=\"all-items-are-100-hand-made-using-the-potter-s-wheel-or-traditional-techniques-created-with-love-and-care-in-australia\" style=\"margin-top:var(--wp--preset--spacing--20);margin-right:0;margin-bottom:0;margin-left:0;line-height:1.3\"><a href=\"https:\/\/drive.google.com\/drive\/folders\/1EH1raVYv0OXXaLGbrnjDaEpjD4P_ra8P\">Haja Sa\u00fade &#8211; Abril 2020<\/a><\/h2>\n\n\n\n<p style=\"line-height:1.65\"><\/p>\n<\/div>\n<\/div>\n\n\n\n<div class=\"wp-block-columns alignwide is-layout-flex wp-container-34\">\n<div class=\"wp-block-column is-layout-flow\" style=\"flex-basis:50%\">\n<p class=\"has-small-font-size\"><\/p>\n\n\n\n<h2 class=\"wp-block-heading has-x-large-font-size\" id=\"all-items-are-100-hand-made-using-the-potter-s-wheel-or-traditional-techniques-created-with-love-and-care-in-australia\" style=\"margin-top:var(--wp--preset--spacing--20);line-height:1.3\"><a href=\"https:\/\/drive.google.com\/file\/d\/1h04SNNO7l9HHhw8EhUzOmNECtXc7henN\/view?usp=sharing\">Haja Sa\u00fade &#8211; Outubro 2019<\/a><\/h2>\n\n\n\n<p style=\"font-size:18px\"><\/p>\n<\/div>\n\n\n\n<div class=\"wp-block-column is-layout-flow\" style=\"flex-basis:50%\">\n<figure class=\"wp-block-image size-large\"><img decoding=\"async\" loading=\"lazy\" width=\"864\" height=\"1157\" src=\"http:\/\/64.227.103.93\/wp-content\/uploads\/2023\/04\/image-5.png?w=765\" alt=\"\" class=\"wp-image-494\" srcset=\"https:\/\/hajasaude.alumnimedicina.com\/wp-content\/uploads\/2023\/04\/image-5.png 864w, https:\/\/hajasaude.alumnimedicina.com\/wp-content\/uploads\/2023\/04\/image-5-224x300.png 224w, https:\/\/hajasaude.alumnimedicina.com\/wp-content\/uploads\/2023\/04\/image-5-765x1024.png 765w, https:\/\/hajasaude.alumnimedicina.com\/wp-content\/uploads\/2023\/04\/image-5-768x1028.png 768w\" sizes=\"(max-width: 864px) 100vw, 864px\" \/><\/figure>\n<\/div>\n<\/div>\n<\/div><\/div>\n\n\n\n<div class=\"wp-block-group alignwide is-layout-flow\" style=\"padding-top:8vh;padding-bottom:8vh\"><div class=\"wp-block-group__inner-container\">\n<div class=\"wp-block-columns alignwide is-layout-flex wp-container-38\">\n<div class=\"wp-block-column is-layout-flow\" style=\"flex-basis:50%\">\n<figure class=\"wp-block-image size-large\"><img decoding=\"async\" loading=\"lazy\" width=\"852\" height=\"1138\" src=\"http:\/\/64.227.103.93\/wp-content\/uploads\/2023\/04\/image-4.png?w=767\" alt=\"\" class=\"wp-image-492\" srcset=\"https:\/\/hajasaude.alumnimedicina.com\/wp-content\/uploads\/2023\/04\/image-4.png 852w, https:\/\/hajasaude.alumnimedicina.com\/wp-content\/uploads\/2023\/04\/image-4-225x300.png 225w, https:\/\/hajasaude.alumnimedicina.com\/wp-content\/uploads\/2023\/04\/image-4-767x1024.png 767w, https:\/\/hajasaude.alumnimedicina.com\/wp-content\/uploads\/2023\/04\/image-4-768x1026.png 768w\" sizes=\"(max-width: 852px) 100vw, 852px\" \/><\/figure>\n<\/div>\n\n\n\n<div class=\"wp-block-column is-layout-flow\" style=\"padding-top:0px;padding-right:0px;padding-bottom:0px;padding-left:0px;flex-basis:50%\">\n<p class=\"has-small-font-size\"><\/p>\n\n\n\n<h2 class=\"wp-block-heading has-x-large-font-size\" id=\"all-items-are-100-hand-made-using-the-potter-s-wheel-or-traditional-techniques-created-with-love-and-care-in-australia\" style=\"margin-top:var(--wp--preset--spacing--20);margin-right:0;margin-bottom:0;margin-left:0;line-height:1.3\"><a href=\"https:\/\/drive.google.com\/file\/d\/1iyL8NqtltkxfblXHNwxSDtXRohBSx0gv\/view?usp=sharing\">Haja Sa\u00fade &#8211; Abril 2019<\/a><\/h2>\n\n\n\n<p style=\"line-height:1.65\"><\/p>\n<\/div>\n<\/div>\n\n\n\n<div class=\"wp-block-columns alignwide is-layout-flex wp-container-41\">\n<div class=\"wp-block-column is-layout-flow\" style=\"flex-basis:50%\">\n<p class=\"has-small-font-size\"><\/p>\n\n\n\n<h2 class=\"wp-block-heading has-x-large-font-size\" id=\"all-items-are-100-hand-made-using-the-potter-s-wheel-or-traditional-techniques-created-with-love-and-care-in-australia\" style=\"margin-top:var(--wp--preset--spacing--20);line-height:1.3\"><a href=\"https:\/\/drive.google.com\/file\/d\/1bPv0HvjAFsjNzU-aVTOvJhGbM1C-17Fr\/view?usp=sharing\">Haja Sa\u00fade &#8211; Outubro 2018<\/a><\/h2>\n\n\n\n<p style=\"font-size:18px\"><\/p>\n<\/div>\n\n\n\n<div class=\"wp-block-column is-layout-flow\" style=\"flex-basis:50%\">\n<figure class=\"wp-block-image size-large\"><img decoding=\"async\" loading=\"lazy\" width=\"862\" height=\"1149\" src=\"http:\/\/64.227.103.93\/wp-content\/uploads\/2023\/04\/image-3.png?w=768\" alt=\"\" class=\"wp-image-491\" srcset=\"https:\/\/hajasaude.alumnimedicina.com\/wp-content\/uploads\/2023\/04\/image-3.png 862w, https:\/\/hajasaude.alumnimedicina.com\/wp-content\/uploads\/2023\/04\/image-3-225x300.png 225w, https:\/\/hajasaude.alumnimedicina.com\/wp-content\/uploads\/2023\/04\/image-3-768x1024.png 768w\" sizes=\"(max-width: 862px) 100vw, 862px\" \/><\/figure>\n<\/div>\n<\/div>\n<\/div><\/div>\n\n\n\n<div class=\"wp-block-group alignwide is-layout-flow\" style=\"padding-top:8vh;padding-bottom:8vh\"><div class=\"wp-block-group__inner-container\">\n<div class=\"wp-block-columns alignwide is-layout-flex wp-container-45\">\n<div class=\"wp-block-column is-layout-flow\" style=\"flex-basis:50%\">\n<figure class=\"wp-block-image size-large\"><img decoding=\"async\" loading=\"lazy\" width=\"823\" height=\"1102\" src=\"http:\/\/64.227.103.93\/wp-content\/uploads\/2023\/04\/image-2.png?w=765\" alt=\"\" class=\"wp-image-487\" srcset=\"https:\/\/hajasaude.alumnimedicina.com\/wp-content\/uploads\/2023\/04\/image-2.png 823w, https:\/\/hajasaude.alumnimedicina.com\/wp-content\/uploads\/2023\/04\/image-2-224x300.png 224w, https:\/\/hajasaude.alumnimedicina.com\/wp-content\/uploads\/2023\/04\/image-2-765x1024.png 765w, https:\/\/hajasaude.alumnimedicina.com\/wp-content\/uploads\/2023\/04\/image-2-768x1028.png 768w\" sizes=\"(max-width: 823px) 100vw, 823px\" \/><\/figure>\n<\/div>\n\n\n\n<div class=\"wp-block-column is-layout-flow\" style=\"padding-top:0px;padding-right:0px;padding-bottom:0px;padding-left:0px;flex-basis:50%\">\n<p class=\"has-small-font-size\"><\/p>\n\n\n\n<h2 class=\"wp-block-heading has-x-large-font-size\" id=\"all-items-are-100-hand-made-using-the-potter-s-wheel-or-traditional-techniques-created-with-love-and-care-in-australia\" style=\"margin-top:var(--wp--preset--spacing--20);margin-right:0;margin-bottom:0;margin-left:0;line-height:1.3\"><a href=\"https:\/\/drive.google.com\/file\/d\/1OJz2Nch6Om7LdUtWGwpaFjHy51DoQVDI\/view?usp=sharing\">Haja Sa\u00fade &#8211; Abril 2018<\/a><\/h2>\n\n\n\n<p style=\"line-height:1.65\"><\/p>\n<\/div>\n<\/div>\n\n\n\n<div class=\"wp-block-columns alignwide is-layout-flex wp-container-48\">\n<div class=\"wp-block-column is-layout-flow\" style=\"flex-basis:50%\">\n<p class=\"has-small-font-size\"><\/p>\n\n\n\n<h2 class=\"wp-block-heading has-x-large-font-size\" id=\"all-items-are-100-hand-made-using-the-potter-s-wheel-or-traditional-techniques-created-with-love-and-care-in-australia\" style=\"margin-top:var(--wp--preset--spacing--20);line-height:1.3\"><a href=\"https:\/\/drive.google.com\/file\/d\/1bNIfoigdbpckEB3rF_eCmyVkl96ldIqs\/view?usp=sharing\">Haja Sa\u00fade &#8211; Outubro 2017<\/a><\/h2>\n<\/div>\n\n\n\n<div class=\"wp-block-column is-layout-flow\" style=\"flex-basis:50%\">\n<figure class=\"wp-block-image size-large\"><img decoding=\"async\" loading=\"lazy\" width=\"816\" height=\"1091\" src=\"http:\/\/64.227.103.93\/wp-content\/uploads\/2023\/04\/image-1.png?w=766\" alt=\"\" class=\"wp-image-485\" srcset=\"https:\/\/hajasaude.alumnimedicina.com\/wp-content\/uploads\/2023\/04\/image-1.png 816w, https:\/\/hajasaude.alumnimedicina.com\/wp-content\/uploads\/2023\/04\/image-1-224x300.png 224w, https:\/\/hajasaude.alumnimedicina.com\/wp-content\/uploads\/2023\/04\/image-1-766x1024.png 766w, https:\/\/hajasaude.alumnimedicina.com\/wp-content\/uploads\/2023\/04\/image-1-768x1027.png 768w\" sizes=\"(max-width: 816px) 100vw, 816px\" \/><\/figure>\n<\/div>\n<\/div>\n<\/div><\/div>\n","protected":false},"excerpt":{"rendered":"<p>Haja Sa\u00fade &#8211; Maio 2024 Haja Sa\u00fade &#8211; Novembro 2023 Haja Sa\u00fade &#8211; Julho 2023 Haja Sa\u00fade &#8211; Outubro 2022 Haja Sa\u00fade &#8211; Abril 2022 Haja Sa\u00fade &#8211; Outubro 2021 Haja Sa\u00fade &#8211; Abril 2021 Haja Sa\u00fade &#8211; Outubro 2020 Haja Sa\u00fade &#8211; Abril 2020 Haja Sa\u00fade &#8211; Outubro 2019 Haja Sa\u00fade &#8211; Abril 2019 [&hellip;]<\/p>\n","protected":false},"author":1,"featured_media":0,"parent":0,"menu_order":0,"comment_status":"open","ping_status":"closed","template":"","meta":[],"jetpack_sharing_enabled":true,"_links":{"self":[{"href":"https:\/\/hajasaude.alumnimedicina.com\/index.php\/wp-json\/wp\/v2\/pages\/150"}],"collection":[{"href":"https:\/\/hajasaude.alumnimedicina.com\/index.php\/wp-json\/wp\/v2\/pages"}],"about":[{"href":"https:\/\/hajasaude.alumnimedicina.com\/index.php\/wp-json\/wp\/v2\/types\/page"}],"author":[{"embeddable":true,"href":"https:\/\/hajasaude.alumnimedicina.com\/index.php\/wp-json\/wp\/v2\/users\/1"}],"replies":[{"embeddable":true,"href":"https:\/\/hajasaude.alumnimedicina.com\/index.php\/wp-json\/wp\/v2\/comments?post=150"}],"version-history":[{"count":6,"href":"https:\/\/hajasaude.alumnimedicina.com\/index.php\/wp-json\/wp\/v2\/pages\/150\/revisions"}],"predecessor-version":[{"id":1335,"href":"https:\/\/hajasaude.alumnimedicina.com\/index.php\/wp-json\/wp\/v2\/pages\/150\/revisions\/1335"}],"wp:attachment":[{"href":"https:\/\/hajasaude.alumnimedicina.com\/index.php\/wp-json\/wp\/v2\/media?parent=150"}],"curies":[{"name":"wp","href":"https:\/\/api.w.org\/{rel}","templated":true}]}}